{"id":3,"date":"2017-03-15T13:10:57","date_gmt":"2017-03-15T18:10:57","guid":{"rendered":"http:\/\/demos.artbees.net\/jupiter5\/perseus\/?page_id=3"},"modified":"2023-10-10T18:48:21","modified_gmt":"2023-10-10T23:48:21","slug":"home","status":"publish","type":"page","link":"https:\/\/soporte.m4rkrobot.com\/","title":{"rendered":"Inicio"},"content":{"rendered":"<section class=\"wpb-content-wrapper\">[mk_page_section bg_image=\u00bbhttps:\/\/soporte.m4rkrobot.com\/wp-content\/uploads\/2023\/08\/fondo_index.png\u00bb bg_repeat=\u00bbno-repeat\u00bb bg_stretch=\u00bbtrue\u00bb video_color_mask=\u00bb#fff\u00bb video_opacity=\u00bb0.9&#8243; min_height=\u00bb700&#8243; full_height=\u00bbtrue\u00bb padding_top=\u00bb100&#8243; padding_bottom=\u00bb140&#8243; top_shape_size=\u00bbsmall\u00bb sidebar=\u00bbsidebar-1&#8243;][vc_column][vc_column_text css=\u00bb.vc_custom_1696973867267{margin-bottom: 0px !important;}\u00bb]\n<h2 style=\"text-align: center;\">Formulario de solicitud de garant\u00eda<\/h2>\n[\/vc_column_text][vc_column_text css=\u00bb.vc_custom_1696981698263{margin-bottom: 0px !important;}\u00bb]\n<h3>Antes de llenar el formulario considerar lo siguiente:<\/h3>\n<ul class=\"p-rich_text_list p-rich_text_list__bullet\" data-stringify-type=\"unordered-list\" data-indent=\"0\" data-border=\"0\">\n<li data-stringify-indent=\"0\" data-stringify-border=\"0\"><strong>Aplicaci\u00f3n de Garant\u00eda: <\/strong>La garant\u00eda se aplica siempre que el kit haya sido abierto con la compa\u00f1\u00eda del docente, caso contrario no ser\u00e1 elegible para la garant\u00eda. Se requiere una factura de compra leg\u00edtima que coincida con los datos del formulario para habilitar la solicitud de garant\u00eda, subir una fotograf\u00eda legible de la factura en el formulario en el apartado de \u00abSubir sustentos fotogr\u00e1ficos\u00bb.<\/li>\n<li data-stringify-indent=\"0\" data-stringify-border=\"0\"><b data-stringify-type=\"bold\">Retenci\u00f3n de datos:<\/b> Mantendremos la informaci\u00f3n proporcionada en el formulario hasta que se d\u00e9 una respuesta definitiva a su solicitud. Despu\u00e9s de este proceso, sus datos ser\u00e1n eliminados.<\/li>\n<li data-stringify-indent=\"0\" data-stringify-border=\"0\"><b data-stringify-type=\"bold\">Proporcionar informaci\u00f3n precisa:<\/b>\u00a0Por favor, aseg\u00farese de proporcionarnos informaci\u00f3n precisa para que podamos ponernos en contacto con usted y brindarle el mejor servicio.<\/li>\n<li data-stringify-indent=\"0\" data-stringify-border=\"0\"><b data-stringify-type=\"bold\">En caso de requerir soporte al llenar el formulario:<\/b>\u00a0Por favor, comunicarse con la l\u00ednea de soporte al n\u00famero 02-6000-420, extensi\u00f3n\u00a0123, en los siguientes horarios de atenci\u00f3n:\n<ul class=\"p-rich_text_list p-rich_text_list__bullet\" data-stringify-type=\"unordered-list\" data-indent=\"0\" data-border=\"0\">\n<li data-stringify-indent=\"0\" data-stringify-border=\"0\">martes a viernes: 10:30 a 13:30 \/ 14:30 a 17:30.<\/li>\n<li data-stringify-indent=\"0\" data-stringify-border=\"0\">s\u00e1bado: 09:00 a 13:00 \/ 14:00 a 16:00.<\/li>\n<\/ul>\n<\/li>\n<\/ul>\n[\/vc_column_text][vc_column_text css=\u00bb.vc_custom_1696974173731{margin-bottom: 0px !important;}\u00bb]<form id=\"forminator-module-9020\" class=\"forminator-custom-form forminator-custom-form-9020\" method=\"post\" data-forminator-render=\"0\" data-uid=\"6a06601f28b48\"><div role=\"alert\" aria-live=\"polite\" class=\"forminator-response-message forminator-error\" aria-hidden=\"true\"><\/div><\/form>[\/vc_column_text][\/vc_column][\/mk_page_section][vc_row][vc_column][mk_padding_divider size=\u00bb60&#8243;][\/vc_column][\/vc_row][mk_page_section bg_image=\u00bbhttps:\/\/soporte.m4rkrobot.com\/wp-content\/uploads\/2023\/08\/footer_mark_index_2.png\u00bb bg_position=\u00bbcenter top\u00bb bg_repeat=\u00bbno-repeat\u00bb bg_stretch=\u00bbtrue\u00bb min_height=\u00bb160&#8243; padding_top=\u00bb40&#8243; sidebar=\u00bbsidebar-1&#8243;][vc_column][mk_fancy_title tag_name=\u00bbh5&#8243; color=\u00bb#000000&#8243; font_weight=\u00bb400&#8243; txt_transform=\u00bbcapitalize\u00bb margin_bottom=\u00bb0&#8243; font_family=\u00bbWork+Sans\u00bb font_type=\u00bbgoogle\u00bb]Inicio\u00a0 \u00a0 \u00a0 \u00a0 Kits STEAM\u00a0 \u00a0 \u00a0 \u00a0 Kits Premium\u00a0 \u00a0 \u00a0 Cont\u00e1ctanos[\/mk_fancy_title][\/vc_column][\/mk_page_section]\n<\/section>","protected":false},"excerpt":{"rendered":"<p>[mk_page_section bg_image=\u00bbhttps:\/\/soporte.m4rkrobot.com\/wp-content\/uploads\/2023\/08\/fondo_index.png\u00bb bg_repeat=\u00bbno-repeat\u00bb bg_stretch=\u00bbtrue\u00bb video_color_mask=\u00bb#fff\u00bb video_opacity=\u00bb0.9&#8243; min_height=\u00bb700&#8243; full_height=\u00bbtrue\u00bb padding_top=\u00bb100&#8243; padding_bottom=\u00bb140&#8243; top_shape_size=\u00bbsmall\u00bb sidebar=\u00bbsidebar-1&#8243;][vc_column][vc_column_text css=\u00bb.vc_custom_1696973867267{margin-bottom: 0px !important;}\u00bb] Formulario de solicitud de garant\u00eda [\/vc_column_text][vc_column_text css=\u00bb.vc_custom_1696981698263{margin-bottom: 0px !important;}\u00bb] Antes de llenar el formulario considerar lo siguiente: Aplicaci\u00f3n de Garant\u00eda: La garant\u00eda se aplica siempre que el kit haya sido abierto con la compa\u00f1\u00eda del docente, caso contrario no ser\u00e1 [&hellip;]<\/p>\n","protected":false},"author":1,"featured_media":0,"parent":0,"menu_order":0,"comment_status":"closed","ping_status":"closed","template":"","meta":{"footnotes":""},"_links":{"self":[{"href":"https:\/\/soporte.m4rkrobot.com\/index.php?rest_route=\/wp\/v2\/pages\/3"}],"collection":[{"href":"https:\/\/soporte.m4rkrobot.com\/index.php?rest_route=\/wp\/v2\/pages"}],"about":[{"href":"https:\/\/soporte.m4rkrobot.com\/index.php?rest_route=\/wp\/v2\/types\/page"}],"author":[{"embeddable":true,"href":"https:\/\/soporte.m4rkrobot.com\/index.php?rest_route=\/wp\/v2\/users\/1"}],"replies":[{"embeddable":true,"href":"https:\/\/soporte.m4rkrobot.com\/index.php?rest_route=%2Fwp%2Fv2%2Fcomments&post=3"}],"version-history":[{"count":103,"href":"https:\/\/soporte.m4rkrobot.com\/index.php?rest_route=\/wp\/v2\/pages\/3\/revisions"}],"predecessor-version":[{"id":9092,"href":"https:\/\/soporte.m4rkrobot.com\/index.php?rest_route=\/wp\/v2\/pages\/3\/revisions\/9092"}],"wp:attachment":[{"href":"https:\/\/soporte.m4rkrobot.com\/index.php?rest_route=%2Fwp%2Fv2%2Fmedia&parent=3"}],"curies":[{"name":"wp","href":"https:\/\/api.w.org\/{rel}","templated":true}]}}